{"id":80,"date":"2023-01-03T11:31:43","date_gmt":"2023-01-03T11:31:43","guid":{"rendered":"http:\/\/localhost\/selfoods-web\/aviso-legal\/"},"modified":"2026-01-05T13:08:03","modified_gmt":"2026-01-05T13:08:03","slug":"aviso-legal","status":"publish","type":"page","link":"https:\/\/fundacioanaribot.com\/ca\/aviso-legal\/","title":{"rendered":"Av\u00eds legal"},"content":{"rendered":"<p>En compliment del deure d\u2019informaci\u00f3 recollit a la Llei 34\/2002, d\u201911 de juliol, de serveis de la societat de la informaci\u00f3 i de comer\u00e7 electr\u00f2nic (LSSI), s\u2019informa que el titular del lloc web <strong>fundacioanaribot.com<\/strong> \u00e9s:<\/p>\n<p><strong>Empresa:<\/strong> Fundaci\u00f3 Ana Ribot SA<br \/>\n<strong>CIF:<\/strong> G-62564372<br \/>\n<strong>Domicili social:<\/strong> Vall\u00e8s i Ribot, 2 \u2013 08780 Pallej\u00e0 (Barcelona)<br \/>\n<strong>Correu electr\u00f2nic de contacte:<\/strong> <a href=\"mailto:info@fundacioanaribot.org\">info@fundacioanaribot.org<\/a><br \/>\n<strong>Tel\u00e8fon:<\/strong> <a href=\"tel:+34 93 663 25 80\">+34 93 663 25 80<\/a><\/p>\n<p>Les presents condicions generals d\u2019\u00fas regulen els termes i condicions d\u2019acc\u00e9s i \u00fas d\u2019aquest lloc web, propietat de <strong>Fundaci\u00f3 Ana Ribot<\/strong>, que l\u2019usuari del Portal haur\u00e0 de llegir i acceptar per utilitzar tots els serveis i informaci\u00f3 que s\u2019hi faciliten. El simple acc\u00e9s i\/o utilitzaci\u00f3 del portal, de la totalitat o part dels seus continguts i\/o serveis, implica la plena acceptaci\u00f3 d\u2019aquestes condicions generals d\u2019\u00fas.<\/p>\n<p>Aix\u00ed mateix, regulen l\u2019acc\u00e9s i la utilitzaci\u00f3 del portal, inclosos els continguts i serveis posats a disposici\u00f3 dels usuaris al portal i\/o a trav\u00e9s del portal, ja sigui pel mateix portal, pels seus usuaris o per tercers. No obstant aix\u00f2, l\u2019acc\u00e9s i la utilitzaci\u00f3 de determinats continguts i\/o serveis poden trobar-se sotmesos a condicions espec\u00edfiques.<\/p>\n<p><strong>Modificacions<\/strong><br \/>\nFundaci\u00f3 Ana Ribot es reserva la facultat de modificar en qualsevol moment les presents condicions generals d\u2019\u00fas del portal. En tot cas, es recomana consultar peri\u00f2dicament aquests termes d\u2019\u00fas, ja que poden ser modificats.<\/p>\n<p><strong>Obligacions de l\u2019usuari<\/strong><br \/>\nL\u2019usuari haur\u00e0 de respectar en tot moment els termes i condicions establerts en aquestes condicions generals d\u2019\u00fas del portal. De forma expressa, l\u2019usuari manifesta que utilitzar\u00e0 el portal de manera diligent i assumint qualsevol responsabilitat que pugui derivar-se de l\u2019incompliment de les normes.<\/p>\n<p>Aix\u00ed mateix, l\u2019usuari no podr\u00e0 utilitzar el portal per transmetre, emmagatzemar, divulgar, promoure o distribuir dades o continguts que continguin virus o qualsevol altre codi inform\u00e0tic, arxius o programes dissenyats per interrompre, destruir o perjudicar el funcionament de qualsevol programa o equip inform\u00e0tic o de telecomunicacions.<\/p>\n<p><strong>Propietat industrial i intel\u00b7lectual<\/strong><br \/>\nEls continguts de la p\u00e0gina web de Fundaci\u00f3 Ana Ribot s\u00f3n propietat de Fundaci\u00f3 Ana Ribot. Per la present es reserven tots els drets que no hagin estat concedits expl\u00edcitament. Es prohibeix la reproducci\u00f3, transfer\u00e8ncia, distribuci\u00f3 o emmagatzematge dels continguts, ja sigui totalment o parcialment, per qualsevol mitj\u00e0, sense l\u2019autoritzaci\u00f3 pr\u00e8via i per escrit de Fundaci\u00f3 Ana Ribot, excepte en els sup\u00f2sits previstos en les presents condicions.<\/p>\n<p>Fundaci\u00f3 Ana Ribot autoritza la navegaci\u00f3 per la seva p\u00e0gina web i la impressi\u00f3 de c\u00f2pies d\u2019extractes exclusivament per a \u00fas personal i no per a la seva distribuci\u00f3, llevat d\u2019autoritzaci\u00f3 expressa i escrita.<\/p>\n<p>Tots els documents d\u2019aquesta p\u00e0gina web poden estar subjectes a altres condicions que s\u2019hi indiquin expressament. Els continguts de la p\u00e0gina web de Fundaci\u00f3 Ana Ribot s\u2019ofereixen tal com apareixen i segons la seva disponibilitat. Fundaci\u00f3 Ana Ribot no garanteix l\u2019abs\u00e8ncia d\u2019interrupcions o errors en la seva p\u00e0gina web.<\/p>\n<p>Fundaci\u00f3 Ana Ribot es reserva el dret de revisar el lloc web o impedir-ne l\u2019acc\u00e9s en qualsevol moment. Fundaci\u00f3 Ana Ribot i els seus s\u00edmbols s\u00f3n marques registrades. Altres productes o denominacions d\u2019empreses mencionades en aquesta p\u00e0gina s\u00f3n o poden ser marques registrades dels seus respectius titulars.<\/p>\n<p><strong>Responsabilitat<\/strong><br \/>\nL\u2019usuari ser\u00e0 l\u2019\u00fanic responsable de les infraccions en qu\u00e8 pugui inc\u00f3rrer o dels perjudicis que pugui causar per la utilitzaci\u00f3 del lloc web, quedant Fundaci\u00f3 Ana Ribot lliure de qualsevol responsabilitat derivada de l\u2019\u00fas del servei per part de l\u2019usuari. L\u2019usuari assumir\u00e0 totes les despeses, costes i indemnitzacions que es reclamin a Fundaci\u00f3 Ana Ribot amb motiu de reclamacions o accions legals.<\/p>\n<p>Fundaci\u00f3 Ana Ribot declina qualsevol responsabilitat respecte a la informaci\u00f3 que es trobi fora d\u2019aquest lloc web i que no sigui gestionada directament pel seu gestor.<\/p>\n<p>En cas que Fundaci\u00f3 Ana Ribot tingui coneixement que l\u2019usuari realitza, a trav\u00e9s dels serveis facilitats, activitats que poguessin ser il\u00b7legals, vulnerar drets de tercers o constituir delicte, podr\u00e0 rescindir immediatament la seva relaci\u00f3 amb l\u2019usuari i adoptar totes les mesures necess\u00e0ries per evitar la continuaci\u00f3 d\u2019aquestes activitats.<\/p>\n<p>Fundaci\u00f3 Ana Ribot no garanteix, en cap cas, les condicions ni la correcta prestaci\u00f3 dels productes o serveis oferts per tercers als quals s\u2019accedeixi mitjan\u00e7ant enlla\u00e7os establerts al lloc web. Tampoc es responsabilitza del compliment per part d\u2019aquests tercers de la normativa vigent, especialment en mat\u00e8ria de protecci\u00f3 de dades de car\u00e0cter personal i comer\u00e7 electr\u00f2nic.<\/p>\n<p>Fundaci\u00f3 Ana Ribot no ser\u00e0 responsable dels danys o perjudicis que es puguin derivar d\u2019interfer\u00e8ncies, omissions, interrupcions, avaries telef\u00f2niques, virus inform\u00e0tics o desconnexions en el funcionament del sistema electr\u00f2nic per causes alienes a la seva voluntat, ni dels retards o bloquejos en l\u2019\u00fas del sistema per defici\u00e8ncies o sobrec\u00e0rregues de les l\u00ednies telef\u00f2niques, d\u2019Internet o d\u2019altres sistemes electr\u00f2nics, aix\u00ed com dels danys causats per tercers mitjan\u00e7ant intromissions il\u00b7leg\u00edtimes fora del seu control.<\/p>\n<p><strong>Jurisdicci\u00f3<\/strong><br \/>\nPer a qualsevol q\u00fcesti\u00f3 que es derivi de la interpretaci\u00f3, aplicaci\u00f3 i compliment d\u2019aquestes condicions, les parts se sotmeten als jutjats i tribunals espanyols, amb ren\u00fancia expressa a qualsevol altre fur que els pogu\u00e9s correspondre, sense perjudici de la compet\u00e8ncia que resulti per ministeri de la llei.<\/p>\n<p><strong>Llei aplicable<\/strong><br \/>\nLes presents condicions es regiran en tot cas per la legislaci\u00f3 espanyola i les parts se sotmeten expressament als tribunals de Barcelona (Espanya).<\/p>\n","protected":false},"excerpt":{"rendered":"<p>En compliment del deure d\u2019informaci\u00f3 recollit a la Llei 34\/2002, d\u201911 de juliol, de serveis de la societat de la informaci\u00f3 i de comer\u00e7 electr\u00f2nic (LSSI), s\u2019informa que el titular del lloc web fundacioanaribot.com \u00e9s: Empresa: Fundaci\u00f3 Ana Ribot SA CIF: G-62564372 Domicili social: Vall\u00e8s i Ribot, 2 \u2013 08780 Pallej\u00e0 (Barcelona) Correu electr\u00f2nic de [&hellip;]<\/p>\n","protected":false},"author":1,"featured_media":0,"parent":0,"menu_order":5,"comment_status":"closed","ping_status":"closed","template":"template-simple.php","meta":{"footnotes":""},"class_list":["post-80","page","type-page","status-publish","hentry"],"yoast_head":"<!-- This site is optimized with the Yoast SEO plugin v26.6 - https:\/\/yoast.com\/wordpress\/plugins\/seo\/ -->\n<title>Av\u00eds legal - Fundaci\u00f3 Ana Ribot<\/title>\n<meta name=\"robots\" content=\"index, follow, max-snippet:-1, max-image-preview:large, max-video-preview:-1\" \/>\n<link rel=\"canonical\" href=\"https:\/\/fundacioanaribot.com\/ca\/aviso-legal\/\" \/>\n<meta property=\"og:locale\" content=\"ca_ES\" \/>\n<meta property=\"og:type\" content=\"article\" \/>\n<meta property=\"og:title\" content=\"Av\u00eds legal - Fundaci\u00f3 Ana Ribot\" \/>\n<meta property=\"og:description\" content=\"En compliment del deure d\u2019informaci\u00f3 recollit a la Llei 34\/2002, d\u201911 de juliol, de serveis de la societat de la informaci\u00f3 i de comer\u00e7 electr\u00f2nic (LSSI), s\u2019informa que el titular del lloc web fundacioanaribot.com \u00e9s: Empresa: Fundaci\u00f3 Ana Ribot SA CIF: G-62564372 Domicili social: Vall\u00e8s i Ribot, 2 \u2013 08780 Pallej\u00e0 (Barcelona) Correu electr\u00f2nic de [&hellip;]\" \/>\n<meta property=\"og:url\" content=\"https:\/\/fundacioanaribot.com\/ca\/aviso-legal\/\" \/>\n<meta property=\"og:site_name\" content=\"Fundaci\u00f3 Ana Ribot\" \/>\n<meta property=\"article:modified_time\" content=\"2026-01-05T13:08:03+00:00\" \/>\n<meta name=\"twitter:card\" content=\"summary_large_image\" \/>\n<meta name=\"twitter:label1\" content=\"Temps estimat de lectura\" \/>\n\t<meta name=\"twitter:data1\" content=\"4 minuts\" \/>\n<script type=\"application\/ld+json\" class=\"yoast-schema-graph\">{\"@context\":\"https:\/\/schema.org\",\"@graph\":[{\"@type\":\"WebPage\",\"@id\":\"https:\/\/fundacioanaribot.com\/ca\/aviso-legal\/\",\"url\":\"https:\/\/fundacioanaribot.com\/ca\/aviso-legal\/\",\"name\":\"Av\u00eds legal - Fundaci\u00f3 Ana Ribot\",\"isPartOf\":{\"@id\":\"https:\/\/fundacioanaribot.com\/ca\/#website\"},\"datePublished\":\"2023-01-03T11:31:43+00:00\",\"dateModified\":\"2026-01-05T13:08:03+00:00\",\"breadcrumb\":{\"@id\":\"https:\/\/fundacioanaribot.com\/ca\/aviso-legal\/#breadcrumb\"},\"inLanguage\":\"ca\",\"potentialAction\":[{\"@type\":\"ReadAction\",\"target\":[\"https:\/\/fundacioanaribot.com\/ca\/aviso-legal\/\"]}]},{\"@type\":\"BreadcrumbList\",\"@id\":\"https:\/\/fundacioanaribot.com\/ca\/aviso-legal\/#breadcrumb\",\"itemListElement\":[{\"@type\":\"ListItem\",\"position\":1,\"name\":\"Portada\",\"item\":\"https:\/\/fundacioanaribot.com\/ca\/\"},{\"@type\":\"ListItem\",\"position\":2,\"name\":\"Av\u00eds legal\"}]},{\"@type\":\"WebSite\",\"@id\":\"https:\/\/fundacioanaribot.com\/ca\/#website\",\"url\":\"https:\/\/fundacioanaribot.com\/ca\/\",\"name\":\"Fundaci\u00f3 Ana Ribot\",\"description\":\"\",\"publisher\":{\"@id\":\"https:\/\/fundacioanaribot.com\/ca\/#organization\"},\"potentialAction\":[{\"@type\":\"SearchAction\",\"target\":{\"@type\":\"EntryPoint\",\"urlTemplate\":\"https:\/\/fundacioanaribot.com\/ca\/?s={search_term_string}\"},\"query-input\":{\"@type\":\"PropertyValueSpecification\",\"valueRequired\":true,\"valueName\":\"search_term_string\"}}],\"inLanguage\":\"ca\"},{\"@type\":\"Organization\",\"@id\":\"https:\/\/fundacioanaribot.com\/ca\/#organization\",\"name\":\"Fundaci\u00f3 Ana Ribot\",\"url\":\"https:\/\/fundacioanaribot.com\/ca\/\",\"logo\":{\"@type\":\"ImageObject\",\"inLanguage\":\"ca\",\"@id\":\"https:\/\/fundacioanaribot.com\/ca\/#\/schema\/logo\/image\/\",\"url\":\"https:\/\/fundacioanaribot.com\/\/wp-content\/uploads\/2025\/07\/logo.png\",\"contentUrl\":\"https:\/\/fundacioanaribot.com\/\/wp-content\/uploads\/2025\/07\/logo.png\",\"width\":229,\"height\":80,\"caption\":\"Fundaci\u00f3 Ana Ribot\"},\"image\":{\"@id\":\"https:\/\/fundacioanaribot.com\/ca\/#\/schema\/logo\/image\/\"}}]}<\/script>\n<!-- \/ Yoast SEO plugin. -->","yoast_head_json":{"title":"Av\u00eds legal - Fundaci\u00f3 Ana Ribot","robots":{"index":"index","follow":"follow","max-snippet":"max-snippet:-1","max-image-preview":"max-image-preview:large","max-video-preview":"max-video-preview:-1"},"canonical":"https:\/\/fundacioanaribot.com\/ca\/aviso-legal\/","og_locale":"ca_ES","og_type":"article","og_title":"Av\u00eds legal - Fundaci\u00f3 Ana Ribot","og_description":"En compliment del deure d\u2019informaci\u00f3 recollit a la Llei 34\/2002, d\u201911 de juliol, de serveis de la societat de la informaci\u00f3 i de comer\u00e7 electr\u00f2nic (LSSI), s\u2019informa que el titular del lloc web fundacioanaribot.com \u00e9s: Empresa: Fundaci\u00f3 Ana Ribot SA CIF: G-62564372 Domicili social: Vall\u00e8s i Ribot, 2 \u2013 08780 Pallej\u00e0 (Barcelona) Correu electr\u00f2nic de [&hellip;]","og_url":"https:\/\/fundacioanaribot.com\/ca\/aviso-legal\/","og_site_name":"Fundaci\u00f3 Ana Ribot","article_modified_time":"2026-01-05T13:08:03+00:00","twitter_card":"summary_large_image","twitter_misc":{"Temps estimat de lectura":"4 minuts"},"schema":{"@context":"https:\/\/schema.org","@graph":[{"@type":"WebPage","@id":"https:\/\/fundacioanaribot.com\/ca\/aviso-legal\/","url":"https:\/\/fundacioanaribot.com\/ca\/aviso-legal\/","name":"Av\u00eds legal - Fundaci\u00f3 Ana Ribot","isPartOf":{"@id":"https:\/\/fundacioanaribot.com\/ca\/#website"},"datePublished":"2023-01-03T11:31:43+00:00","dateModified":"2026-01-05T13:08:03+00:00","breadcrumb":{"@id":"https:\/\/fundacioanaribot.com\/ca\/aviso-legal\/#breadcrumb"},"inLanguage":"ca","potentialAction":[{"@type":"ReadAction","target":["https:\/\/fundacioanaribot.com\/ca\/aviso-legal\/"]}]},{"@type":"BreadcrumbList","@id":"https:\/\/fundacioanaribot.com\/ca\/aviso-legal\/#breadcrumb","itemListElement":[{"@type":"ListItem","position":1,"name":"Portada","item":"https:\/\/fundacioanaribot.com\/ca\/"},{"@type":"ListItem","position":2,"name":"Av\u00eds legal"}]},{"@type":"WebSite","@id":"https:\/\/fundacioanaribot.com\/ca\/#website","url":"https:\/\/fundacioanaribot.com\/ca\/","name":"Fundaci\u00f3 Ana Ribot","description":"","publisher":{"@id":"https:\/\/fundacioanaribot.com\/ca\/#organization"},"potentialAction":[{"@type":"SearchAction","target":{"@type":"EntryPoint","urlTemplate":"https:\/\/fundacioanaribot.com\/ca\/?s={search_term_string}"},"query-input":{"@type":"PropertyValueSpecification","valueRequired":true,"valueName":"search_term_string"}}],"inLanguage":"ca"},{"@type":"Organization","@id":"https:\/\/fundacioanaribot.com\/ca\/#organization","name":"Fundaci\u00f3 Ana Ribot","url":"https:\/\/fundacioanaribot.com\/ca\/","logo":{"@type":"ImageObject","inLanguage":"ca","@id":"https:\/\/fundacioanaribot.com\/ca\/#\/schema\/logo\/image\/","url":"https:\/\/fundacioanaribot.com\/\/wp-content\/uploads\/2025\/07\/logo.png","contentUrl":"https:\/\/fundacioanaribot.com\/\/wp-content\/uploads\/2025\/07\/logo.png","width":229,"height":80,"caption":"Fundaci\u00f3 Ana Ribot"},"image":{"@id":"https:\/\/fundacioanaribot.com\/ca\/#\/schema\/logo\/image\/"}}]}},"_links":{"self":[{"href":"https:\/\/fundacioanaribot.com\/ca\/wp-json\/wp\/v2\/pages\/80","targetHints":{"allow":["GET"]}}],"collection":[{"href":"https:\/\/fundacioanaribot.com\/ca\/wp-json\/wp\/v2\/pages"}],"about":[{"href":"https:\/\/fundacioanaribot.com\/ca\/wp-json\/wp\/v2\/types\/page"}],"author":[{"embeddable":true,"href":"https:\/\/fundacioanaribot.com\/ca\/wp-json\/wp\/v2\/users\/1"}],"replies":[{"embeddable":true,"href":"https:\/\/fundacioanaribot.com\/ca\/wp-json\/wp\/v2\/comments?post=80"}],"version-history":[{"count":9,"href":"https:\/\/fundacioanaribot.com\/ca\/wp-json\/wp\/v2\/pages\/80\/revisions"}],"predecessor-version":[{"id":226,"href":"https:\/\/fundacioanaribot.com\/ca\/wp-json\/wp\/v2\/pages\/80\/revisions\/226"}],"wp:attachment":[{"href":"https:\/\/fundacioanaribot.com\/ca\/wp-json\/wp\/v2\/media?parent=80"}],"curies":[{"name":"wp","href":"https:\/\/api.w.org\/{rel}","templated":true}]}}