{"id":138,"date":"2023-01-05T14:47:15","date_gmt":"2023-01-05T14:47:15","guid":{"rendered":"https:\/\/grupgirosoler.cat\/que-hacemos\/"},"modified":"2026-01-05T12:46:50","modified_gmt":"2026-01-05T12:46:50","slug":"que-fem","status":"publish","type":"page","link":"https:\/\/fundacioanaribot.com\/ca\/que-fem\/","title":{"rendered":"Qu\u00e8 fem"},"content":{"rendered":"<p>A la <strong>Fundaci\u00f3 Ana Ribot<\/strong> desenvolupem una \u00e0mplia gamma de serveis i projectes dirigits al benestar, suport i atenci\u00f3 de les persones grans amb depend\u00e8ncia i les seves fam\u00edlies:<\/p>\n<p><strong>Serveis i recursos principals:<\/strong><\/p>\n<ul>\n<li><strong>Centre de Dia<\/strong> amb unitats especialitzades, inclosa la <strong>Unitat d\u2019Alzheimer<\/strong>, per acompanyar persones amb dem\u00e8ncia en un entorn adaptat.<\/li>\n<li><strong>Sala Snoezelen \/ Multisensorial<\/strong> i tallers terap\u00e8utics per estimular capacitats cognitives i emocionals.<\/li>\n<li><strong>Unitat d\u2019Envelliment Actiu<\/strong> per promoure l\u2019autonomia i la participaci\u00f3 social.<\/li>\n<li><strong>Servei de Transport Adaptat<\/strong> per facilitar l\u2019acc\u00e9s al centre de persones amb mobilitat redu\u00efda.<\/li>\n<\/ul>\n<p>&nbsp;<\/p>\n<p><strong>Projectes i suport social:<\/strong><\/p>\n<ul>\n<li><strong>Voluntariat Social \u201cRegala Somriures\u201d<\/strong>, un programa per afavorir el benestar i la relaci\u00f3 social de les persones usu\u00e0ries.<\/li>\n<li><strong>Acompanyament \u201cFem Costat\u201d<\/strong>, amb suport econ\u00f2mic i emocional per a persones i fam\u00edlies en situaci\u00f3 de vulnerabilitat.<\/li>\n<li><strong>Grups de Suport a Familiars<\/strong> de persones amb Alzheimer o altres dem\u00e8ncies.<\/li>\n<li>Projectes espec\u00edfics orientats a millorar la vida de les persones dependents en contextos excepcionals.<\/li>\n<\/ul>\n<p>&nbsp;<\/p>\n<p>Tots aquests serveis es desenvolupen amb <strong>professionalitat, sensibilitat i comprom\u00eds social<\/strong>, amb l\u2019objectiu de promoure dignitat i qualitat de vida.<\/p>\n","protected":false},"excerpt":{"rendered":"<p>A la Fundaci\u00f3 Ana Ribot desenvolupem una \u00e0mplia gamma de serveis i projectes dirigits al benestar, suport i atenci\u00f3 de les persones grans amb depend\u00e8ncia i les seves fam\u00edlies: Serveis i recursos principals: Centre de Dia amb unitats especialitzades, inclosa la Unitat d\u2019Alzheimer, per acompanyar persones amb dem\u00e8ncia en un entorn adaptat. Sala Snoezelen \/ [&hellip;]<\/p>\n","protected":false},"author":1,"featured_media":0,"parent":0,"menu_order":3,"comment_status":"closed","ping_status":"closed","template":"template-simple.php","meta":{"footnotes":""},"class_list":["post-138","page","type-page","status-publish","hentry"],"yoast_head":"<!-- This site is optimized with the Yoast SEO plugin v26.6 - https:\/\/yoast.com\/wordpress\/plugins\/seo\/ -->\n<title>Qu\u00e8 fem - Fundaci\u00f3 Ana Ribot<\/title>\n<meta name=\"robots\" content=\"index, follow, max-snippet:-1, max-image-preview:large, max-video-preview:-1\" \/>\n<link rel=\"canonical\" href=\"https:\/\/fundacioanaribot.com\/ca\/que-fem\/\" \/>\n<meta property=\"og:locale\" content=\"ca_ES\" \/>\n<meta property=\"og:type\" content=\"article\" \/>\n<meta property=\"og:title\" content=\"Qu\u00e8 fem - Fundaci\u00f3 Ana Ribot\" \/>\n<meta property=\"og:description\" content=\"A la Fundaci\u00f3 Ana Ribot desenvolupem una \u00e0mplia gamma de serveis i projectes dirigits al benestar, suport i atenci\u00f3 de les persones grans amb depend\u00e8ncia i les seves fam\u00edlies: Serveis i recursos principals: Centre de Dia amb unitats especialitzades, inclosa la Unitat d\u2019Alzheimer, per acompanyar persones amb dem\u00e8ncia en un entorn adaptat. Sala Snoezelen \/ [&hellip;]\" \/>\n<meta property=\"og:url\" content=\"https:\/\/fundacioanaribot.com\/ca\/que-fem\/\" \/>\n<meta property=\"og:site_name\" content=\"Fundaci\u00f3 Ana Ribot\" \/>\n<meta property=\"article:modified_time\" content=\"2026-01-05T12:46:50+00:00\" \/>\n<meta name=\"twitter:card\" content=\"summary_large_image\" \/>\n<meta name=\"twitter:label1\" content=\"Temps estimat de lectura\" \/>\n\t<meta name=\"twitter:data1\" content=\"1 minut\" \/>\n<script type=\"application\/ld+json\" class=\"yoast-schema-graph\">{\"@context\":\"https:\/\/schema.org\",\"@graph\":[{\"@type\":\"WebPage\",\"@id\":\"https:\/\/fundacioanaribot.com\/ca\/que-fem\/\",\"url\":\"https:\/\/fundacioanaribot.com\/ca\/que-fem\/\",\"name\":\"Qu\u00e8 fem - Fundaci\u00f3 Ana Ribot\",\"isPartOf\":{\"@id\":\"https:\/\/fundacioanaribot.com\/ca\/#website\"},\"datePublished\":\"2023-01-05T14:47:15+00:00\",\"dateModified\":\"2026-01-05T12:46:50+00:00\",\"breadcrumb\":{\"@id\":\"https:\/\/fundacioanaribot.com\/ca\/que-fem\/#breadcrumb\"},\"inLanguage\":\"ca\",\"potentialAction\":[{\"@type\":\"ReadAction\",\"target\":[\"https:\/\/fundacioanaribot.com\/ca\/que-fem\/\"]}]},{\"@type\":\"BreadcrumbList\",\"@id\":\"https:\/\/fundacioanaribot.com\/ca\/que-fem\/#breadcrumb\",\"itemListElement\":[{\"@type\":\"ListItem\",\"position\":1,\"name\":\"Portada\",\"item\":\"https:\/\/fundacioanaribot.com\/ca\/\"},{\"@type\":\"ListItem\",\"position\":2,\"name\":\"Qu\u00e8 fem\"}]},{\"@type\":\"WebSite\",\"@id\":\"https:\/\/fundacioanaribot.com\/ca\/#website\",\"url\":\"https:\/\/fundacioanaribot.com\/ca\/\",\"name\":\"Fundaci\u00f3 Ana Ribot\",\"description\":\"\",\"publisher\":{\"@id\":\"https:\/\/fundacioanaribot.com\/ca\/#organization\"},\"potentialAction\":[{\"@type\":\"SearchAction\",\"target\":{\"@type\":\"EntryPoint\",\"urlTemplate\":\"https:\/\/fundacioanaribot.com\/ca\/?s={search_term_string}\"},\"query-input\":{\"@type\":\"PropertyValueSpecification\",\"valueRequired\":true,\"valueName\":\"search_term_string\"}}],\"inLanguage\":\"ca\"},{\"@type\":\"Organization\",\"@id\":\"https:\/\/fundacioanaribot.com\/ca\/#organization\",\"name\":\"Fundaci\u00f3 Ana Ribot\",\"url\":\"https:\/\/fundacioanaribot.com\/ca\/\",\"logo\":{\"@type\":\"ImageObject\",\"inLanguage\":\"ca\",\"@id\":\"https:\/\/fundacioanaribot.com\/ca\/#\/schema\/logo\/image\/\",\"url\":\"https:\/\/fundacioanaribot.com\/\/wp-content\/uploads\/2025\/07\/logo.png\",\"contentUrl\":\"https:\/\/fundacioanaribot.com\/\/wp-content\/uploads\/2025\/07\/logo.png\",\"width\":229,\"height\":80,\"caption\":\"Fundaci\u00f3 Ana Ribot\"},\"image\":{\"@id\":\"https:\/\/fundacioanaribot.com\/ca\/#\/schema\/logo\/image\/\"}}]}<\/script>\n<!-- \/ Yoast SEO plugin. -->","yoast_head_json":{"title":"Qu\u00e8 fem - Fundaci\u00f3 Ana Ribot","robots":{"index":"index","follow":"follow","max-snippet":"max-snippet:-1","max-image-preview":"max-image-preview:large","max-video-preview":"max-video-preview:-1"},"canonical":"https:\/\/fundacioanaribot.com\/ca\/que-fem\/","og_locale":"ca_ES","og_type":"article","og_title":"Qu\u00e8 fem - Fundaci\u00f3 Ana Ribot","og_description":"A la Fundaci\u00f3 Ana Ribot desenvolupem una \u00e0mplia gamma de serveis i projectes dirigits al benestar, suport i atenci\u00f3 de les persones grans amb depend\u00e8ncia i les seves fam\u00edlies: Serveis i recursos principals: Centre de Dia amb unitats especialitzades, inclosa la Unitat d\u2019Alzheimer, per acompanyar persones amb dem\u00e8ncia en un entorn adaptat. Sala Snoezelen \/ [&hellip;]","og_url":"https:\/\/fundacioanaribot.com\/ca\/que-fem\/","og_site_name":"Fundaci\u00f3 Ana Ribot","article_modified_time":"2026-01-05T12:46:50+00:00","twitter_card":"summary_large_image","twitter_misc":{"Temps estimat de lectura":"1 minut"},"schema":{"@context":"https:\/\/schema.org","@graph":[{"@type":"WebPage","@id":"https:\/\/fundacioanaribot.com\/ca\/que-fem\/","url":"https:\/\/fundacioanaribot.com\/ca\/que-fem\/","name":"Qu\u00e8 fem - Fundaci\u00f3 Ana Ribot","isPartOf":{"@id":"https:\/\/fundacioanaribot.com\/ca\/#website"},"datePublished":"2023-01-05T14:47:15+00:00","dateModified":"2026-01-05T12:46:50+00:00","breadcrumb":{"@id":"https:\/\/fundacioanaribot.com\/ca\/que-fem\/#breadcrumb"},"inLanguage":"ca","potentialAction":[{"@type":"ReadAction","target":["https:\/\/fundacioanaribot.com\/ca\/que-fem\/"]}]},{"@type":"BreadcrumbList","@id":"https:\/\/fundacioanaribot.com\/ca\/que-fem\/#breadcrumb","itemListElement":[{"@type":"ListItem","position":1,"name":"Portada","item":"https:\/\/fundacioanaribot.com\/ca\/"},{"@type":"ListItem","position":2,"name":"Qu\u00e8 fem"}]},{"@type":"WebSite","@id":"https:\/\/fundacioanaribot.com\/ca\/#website","url":"https:\/\/fundacioanaribot.com\/ca\/","name":"Fundaci\u00f3 Ana Ribot","description":"","publisher":{"@id":"https:\/\/fundacioanaribot.com\/ca\/#organization"},"potentialAction":[{"@type":"SearchAction","target":{"@type":"EntryPoint","urlTemplate":"https:\/\/fundacioanaribot.com\/ca\/?s={search_term_string}"},"query-input":{"@type":"PropertyValueSpecification","valueRequired":true,"valueName":"search_term_string"}}],"inLanguage":"ca"},{"@type":"Organization","@id":"https:\/\/fundacioanaribot.com\/ca\/#organization","name":"Fundaci\u00f3 Ana Ribot","url":"https:\/\/fundacioanaribot.com\/ca\/","logo":{"@type":"ImageObject","inLanguage":"ca","@id":"https:\/\/fundacioanaribot.com\/ca\/#\/schema\/logo\/image\/","url":"https:\/\/fundacioanaribot.com\/\/wp-content\/uploads\/2025\/07\/logo.png","contentUrl":"https:\/\/fundacioanaribot.com\/\/wp-content\/uploads\/2025\/07\/logo.png","width":229,"height":80,"caption":"Fundaci\u00f3 Ana Ribot"},"image":{"@id":"https:\/\/fundacioanaribot.com\/ca\/#\/schema\/logo\/image\/"}}]}},"_links":{"self":[{"href":"https:\/\/fundacioanaribot.com\/ca\/wp-json\/wp\/v2\/pages\/138","targetHints":{"allow":["GET"]}}],"collection":[{"href":"https:\/\/fundacioanaribot.com\/ca\/wp-json\/wp\/v2\/pages"}],"about":[{"href":"https:\/\/fundacioanaribot.com\/ca\/wp-json\/wp\/v2\/types\/page"}],"author":[{"embeddable":true,"href":"https:\/\/fundacioanaribot.com\/ca\/wp-json\/wp\/v2\/users\/1"}],"replies":[{"embeddable":true,"href":"https:\/\/fundacioanaribot.com\/ca\/wp-json\/wp\/v2\/comments?post=138"}],"version-history":[{"count":5,"href":"https:\/\/fundacioanaribot.com\/ca\/wp-json\/wp\/v2\/pages\/138\/revisions"}],"predecessor-version":[{"id":223,"href":"https:\/\/fundacioanaribot.com\/ca\/wp-json\/wp\/v2\/pages\/138\/revisions\/223"}],"wp:attachment":[{"href":"https:\/\/fundacioanaribot.com\/ca\/wp-json\/wp\/v2\/media?parent=138"}],"curies":[{"name":"wp","href":"https:\/\/api.w.org\/{rel}","templated":true}]}}