{"id":129,"date":"2023-01-05T14:06:39","date_gmt":"2023-01-05T14:06:39","guid":{"rendered":"https:\/\/grupgirosoler.cat\/quienes-somos\/"},"modified":"2026-01-05T12:43:43","modified_gmt":"2026-01-05T12:43:43","slug":"qui-som","status":"publish","type":"page","link":"https:\/\/fundacioanaribot.com\/ca\/qui-som\/","title":{"rendered":"Qui som"},"content":{"rendered":"<p>La <strong>Fundaci\u00f3 Ana Ribot<\/strong> \u00e9s una entitat ben\u00e8fica i assistencial dedicada a <strong>millorar la qualitat de vida de les persones grans<\/strong>, especialment aquelles amb algun grau de depend\u00e8ncia f\u00edsica, mental o social. Fundada l\u2019any <strong>2001 a Pallej\u00e0 (Barcelona)<\/strong>, la instituci\u00f3 neix amb la voluntat de convertir valors de comprom\u00eds, generositat i servei en accions concretes a favor de les persones m\u00e9s vulnerables.<\/p>\n<p>La Fundaci\u00f3 pren el seu nom en homenatge a <strong>Ana Ribot<\/strong>, una persona que durant la seva vida va transmetre ambients de cura, respecte i dedicaci\u00f3 vers els altres. Els seus valors \u2013 amor, generositat i servei a la comunitat \u2013 constitueixen el fonament de totes les nostres activitats i projectes.<\/p>\n<p>Com a organitzaci\u00f3, treballem amb <strong>voluntaris, professionals i col\u00b7laboradors<\/strong> per oferir serveis i suport integral a la gent gran, als seus familiars i a persones cuidadores.<\/p>\n","protected":false},"excerpt":{"rendered":"<p>La Fundaci\u00f3 Ana Ribot \u00e9s una entitat ben\u00e8fica i assistencial dedicada a millorar la qualitat de vida de les persones grans, especialment aquelles amb algun grau de depend\u00e8ncia f\u00edsica, mental o social. Fundada l\u2019any 2001 a Pallej\u00e0 (Barcelona), la instituci\u00f3 neix amb la voluntat de convertir valors de comprom\u00eds, generositat i servei en accions concretes [&hellip;]<\/p>\n","protected":false},"author":1,"featured_media":0,"parent":0,"menu_order":2,"comment_status":"closed","ping_status":"closed","template":"template-aboutus.php","meta":{"footnotes":""},"class_list":["post-129","page","type-page","status-publish","hentry"],"yoast_head":"<!-- This site is optimized with the Yoast SEO plugin v26.6 - https:\/\/yoast.com\/wordpress\/plugins\/seo\/ -->\n<title>Qui som - Fundaci\u00f3 Ana Ribot<\/title>\n<meta name=\"robots\" content=\"index, follow, max-snippet:-1, max-image-preview:large, max-video-preview:-1\" \/>\n<link rel=\"canonical\" href=\"https:\/\/fundacioanaribot.com\/ca\/qui-som\/\" \/>\n<meta property=\"og:locale\" content=\"ca_ES\" \/>\n<meta property=\"og:type\" content=\"article\" \/>\n<meta property=\"og:title\" content=\"Qui som - Fundaci\u00f3 Ana Ribot\" \/>\n<meta property=\"og:description\" content=\"La Fundaci\u00f3 Ana Ribot \u00e9s una entitat ben\u00e8fica i assistencial dedicada a millorar la qualitat de vida de les persones grans, especialment aquelles amb algun grau de depend\u00e8ncia f\u00edsica, mental o social. Fundada l\u2019any 2001 a Pallej\u00e0 (Barcelona), la instituci\u00f3 neix amb la voluntat de convertir valors de comprom\u00eds, generositat i servei en accions concretes [&hellip;]\" \/>\n<meta property=\"og:url\" content=\"https:\/\/fundacioanaribot.com\/ca\/qui-som\/\" \/>\n<meta property=\"og:site_name\" content=\"Fundaci\u00f3 Ana Ribot\" \/>\n<meta property=\"article:modified_time\" content=\"2026-01-05T12:43:43+00:00\" \/>\n<meta name=\"twitter:card\" content=\"summary_large_image\" \/>\n<meta name=\"twitter:label1\" content=\"Temps estimat de lectura\" \/>\n\t<meta name=\"twitter:data1\" content=\"1 minut\" \/>\n<script type=\"application\/ld+json\" class=\"yoast-schema-graph\">{\"@context\":\"https:\/\/schema.org\",\"@graph\":[{\"@type\":\"WebPage\",\"@id\":\"https:\/\/fundacioanaribot.com\/ca\/qui-som\/\",\"url\":\"https:\/\/fundacioanaribot.com\/ca\/qui-som\/\",\"name\":\"Qui som - Fundaci\u00f3 Ana Ribot\",\"isPartOf\":{\"@id\":\"https:\/\/fundacioanaribot.com\/ca\/#website\"},\"datePublished\":\"2023-01-05T14:06:39+00:00\",\"dateModified\":\"2026-01-05T12:43:43+00:00\",\"breadcrumb\":{\"@id\":\"https:\/\/fundacioanaribot.com\/ca\/qui-som\/#breadcrumb\"},\"inLanguage\":\"ca\",\"potentialAction\":[{\"@type\":\"ReadAction\",\"target\":[\"https:\/\/fundacioanaribot.com\/ca\/qui-som\/\"]}]},{\"@type\":\"BreadcrumbList\",\"@id\":\"https:\/\/fundacioanaribot.com\/ca\/qui-som\/#breadcrumb\",\"itemListElement\":[{\"@type\":\"ListItem\",\"position\":1,\"name\":\"Portada\",\"item\":\"https:\/\/fundacioanaribot.com\/ca\/\"},{\"@type\":\"ListItem\",\"position\":2,\"name\":\"Qui som\"}]},{\"@type\":\"WebSite\",\"@id\":\"https:\/\/fundacioanaribot.com\/ca\/#website\",\"url\":\"https:\/\/fundacioanaribot.com\/ca\/\",\"name\":\"Fundaci\u00f3 Ana Ribot\",\"description\":\"\",\"publisher\":{\"@id\":\"https:\/\/fundacioanaribot.com\/ca\/#organization\"},\"potentialAction\":[{\"@type\":\"SearchAction\",\"target\":{\"@type\":\"EntryPoint\",\"urlTemplate\":\"https:\/\/fundacioanaribot.com\/ca\/?s={search_term_string}\"},\"query-input\":{\"@type\":\"PropertyValueSpecification\",\"valueRequired\":true,\"valueName\":\"search_term_string\"}}],\"inLanguage\":\"ca\"},{\"@type\":\"Organization\",\"@id\":\"https:\/\/fundacioanaribot.com\/ca\/#organization\",\"name\":\"Fundaci\u00f3 Ana Ribot\",\"url\":\"https:\/\/fundacioanaribot.com\/ca\/\",\"logo\":{\"@type\":\"ImageObject\",\"inLanguage\":\"ca\",\"@id\":\"https:\/\/fundacioanaribot.com\/ca\/#\/schema\/logo\/image\/\",\"url\":\"https:\/\/fundacioanaribot.com\/\/wp-content\/uploads\/2025\/07\/logo.png\",\"contentUrl\":\"https:\/\/fundacioanaribot.com\/\/wp-content\/uploads\/2025\/07\/logo.png\",\"width\":229,\"height\":80,\"caption\":\"Fundaci\u00f3 Ana Ribot\"},\"image\":{\"@id\":\"https:\/\/fundacioanaribot.com\/ca\/#\/schema\/logo\/image\/\"}}]}<\/script>\n<!-- \/ Yoast SEO plugin. -->","yoast_head_json":{"title":"Qui som - Fundaci\u00f3 Ana Ribot","robots":{"index":"index","follow":"follow","max-snippet":"max-snippet:-1","max-image-preview":"max-image-preview:large","max-video-preview":"max-video-preview:-1"},"canonical":"https:\/\/fundacioanaribot.com\/ca\/qui-som\/","og_locale":"ca_ES","og_type":"article","og_title":"Qui som - Fundaci\u00f3 Ana Ribot","og_description":"La Fundaci\u00f3 Ana Ribot \u00e9s una entitat ben\u00e8fica i assistencial dedicada a millorar la qualitat de vida de les persones grans, especialment aquelles amb algun grau de depend\u00e8ncia f\u00edsica, mental o social. Fundada l\u2019any 2001 a Pallej\u00e0 (Barcelona), la instituci\u00f3 neix amb la voluntat de convertir valors de comprom\u00eds, generositat i servei en accions concretes [&hellip;]","og_url":"https:\/\/fundacioanaribot.com\/ca\/qui-som\/","og_site_name":"Fundaci\u00f3 Ana Ribot","article_modified_time":"2026-01-05T12:43:43+00:00","twitter_card":"summary_large_image","twitter_misc":{"Temps estimat de lectura":"1 minut"},"schema":{"@context":"https:\/\/schema.org","@graph":[{"@type":"WebPage","@id":"https:\/\/fundacioanaribot.com\/ca\/qui-som\/","url":"https:\/\/fundacioanaribot.com\/ca\/qui-som\/","name":"Qui som - Fundaci\u00f3 Ana Ribot","isPartOf":{"@id":"https:\/\/fundacioanaribot.com\/ca\/#website"},"datePublished":"2023-01-05T14:06:39+00:00","dateModified":"2026-01-05T12:43:43+00:00","breadcrumb":{"@id":"https:\/\/fundacioanaribot.com\/ca\/qui-som\/#breadcrumb"},"inLanguage":"ca","potentialAction":[{"@type":"ReadAction","target":["https:\/\/fundacioanaribot.com\/ca\/qui-som\/"]}]},{"@type":"BreadcrumbList","@id":"https:\/\/fundacioanaribot.com\/ca\/qui-som\/#breadcrumb","itemListElement":[{"@type":"ListItem","position":1,"name":"Portada","item":"https:\/\/fundacioanaribot.com\/ca\/"},{"@type":"ListItem","position":2,"name":"Qui som"}]},{"@type":"WebSite","@id":"https:\/\/fundacioanaribot.com\/ca\/#website","url":"https:\/\/fundacioanaribot.com\/ca\/","name":"Fundaci\u00f3 Ana Ribot","description":"","publisher":{"@id":"https:\/\/fundacioanaribot.com\/ca\/#organization"},"potentialAction":[{"@type":"SearchAction","target":{"@type":"EntryPoint","urlTemplate":"https:\/\/fundacioanaribot.com\/ca\/?s={search_term_string}"},"query-input":{"@type":"PropertyValueSpecification","valueRequired":true,"valueName":"search_term_string"}}],"inLanguage":"ca"},{"@type":"Organization","@id":"https:\/\/fundacioanaribot.com\/ca\/#organization","name":"Fundaci\u00f3 Ana Ribot","url":"https:\/\/fundacioanaribot.com\/ca\/","logo":{"@type":"ImageObject","inLanguage":"ca","@id":"https:\/\/fundacioanaribot.com\/ca\/#\/schema\/logo\/image\/","url":"https:\/\/fundacioanaribot.com\/\/wp-content\/uploads\/2025\/07\/logo.png","contentUrl":"https:\/\/fundacioanaribot.com\/\/wp-content\/uploads\/2025\/07\/logo.png","width":229,"height":80,"caption":"Fundaci\u00f3 Ana Ribot"},"image":{"@id":"https:\/\/fundacioanaribot.com\/ca\/#\/schema\/logo\/image\/"}}]}},"_links":{"self":[{"href":"https:\/\/fundacioanaribot.com\/ca\/wp-json\/wp\/v2\/pages\/129","targetHints":{"allow":["GET"]}}],"collection":[{"href":"https:\/\/fundacioanaribot.com\/ca\/wp-json\/wp\/v2\/pages"}],"about":[{"href":"https:\/\/fundacioanaribot.com\/ca\/wp-json\/wp\/v2\/types\/page"}],"author":[{"embeddable":true,"href":"https:\/\/fundacioanaribot.com\/ca\/wp-json\/wp\/v2\/users\/1"}],"replies":[{"embeddable":true,"href":"https:\/\/fundacioanaribot.com\/ca\/wp-json\/wp\/v2\/comments?post=129"}],"version-history":[{"count":5,"href":"https:\/\/fundacioanaribot.com\/ca\/wp-json\/wp\/v2\/pages\/129\/revisions"}],"predecessor-version":[{"id":222,"href":"https:\/\/fundacioanaribot.com\/ca\/wp-json\/wp\/v2\/pages\/129\/revisions\/222"}],"wp:attachment":[{"href":"https:\/\/fundacioanaribot.com\/ca\/wp-json\/wp\/v2\/media?parent=129"}],"curies":[{"name":"wp","href":"https:\/\/api.w.org\/{rel}","templated":true}]}}